{"id":2763,"date":"2022-03-01T11:56:07","date_gmt":"2022-03-01T11:56:07","guid":{"rendered":"https:\/\/selkon.co\/?page_id=2763"},"modified":"2022-03-01T11:56:24","modified_gmt":"2022-03-01T11:56:24","slug":"nemlendirme","status":"publish","type":"page","link":"https:\/\/selkon.co\/ru\/nemlendirme\/","title":{"rendered":"\u0423\u0432\u043b\u0430\u0436\u043d\u0435\u043d\u0438\u0435"},"content":{"rendered":"<div data-elementor-type=\"wp-page\" data-elementor-id=\"2763\" class=\"elementor elementor-2763\">\n\t\t\t\t\t\t\t\t\t<section class=\"elementor-section elementor-top-section elementor-element elementor-element-e7fd1d2 elementor-section-boxed elementor-section-height-default elementor-section-height-default\" data-id=\"e7fd1d2\" data-element_type=\"section\">\n\t\t\t\t\t\t<div class=\"elementor-container elementor-column-gap-default\">\n\t\t\t\t\t<div class=\"elementor-column elementor-col-50 elementor-top-column elementor-element elementor-element-ce028ee\" data-id=\"ce028ee\" data-element_type=\"column\">\n\t\t\t<div class=\"elementor-widget-wrap elementor-element-populated\">\n\t\t\t\t\t\t\t\t<div class=\"elementor-element elementor-element-c787474 elementor-widget elementor-widget-video\" data-id=\"c787474\" data-element_type=\"widget\" data-settings=\"{&quot;video_type&quot;:&quot;hosted&quot;,&quot;autoplay&quot;:&quot;yes&quot;}\" data-widget_type=\"video.default\">\n\t\t\t\t<div class=\"elementor-widget-container\">\n\t\t\t<style>\/*! elementor - v3.15.0 - 20-08-2023 *\/\n.elementor-widget-video .elementor-widget-container{overflow:hidden;transform:translateZ(0)}.elementor-widget-video .elementor-wrapper{aspect-ratio:var(--video-aspect-ratio)}.elementor-widget-video .elementor-wrapper iframe,.elementor-widget-video .elementor-wrapper video{height:100%;width:100%;display:flex;border:none;background-color:#000}@supports not (aspect-ratio:1\/1){.elementor-widget-video .elementor-wrapper{position:relative;overflow:hidden;height:0;padding-bottom:calc(100% \/ var(--video-aspect-ratio))}.elementor-widget-video .elementor-wrapper iframe,.elementor-widget-video .elementor-wrapper video{position:absolute;top:0;right:0;bottom:0;left:0}}.elementor-widget-video .elementor-open-inline .elementor-custom-embed-image-overlay{position:absolute;top:0;right:0;bottom:0;left:0;background-size:cover;background-position:50%}.elementor-widget-video .elementor-custom-embed-image-overlay{cursor:pointer;text-align:center}.elementor-widget-video .elementor-custom-embed-image-overlay:hover .elementor-custom-embed-play i{opacity:1}.elementor-widget-video .elementor-custom-embed-image-overlay img{display:block;width:100%;aspect-ratio:var(--video-aspect-ratio);-o-object-fit:cover;object-fit:cover;-o-object-position:center center;object-position:center center}@supports not (aspect-ratio:1\/1){.elementor-widget-video .elementor-custom-embed-image-overlay{position:relative;overflow:hidden;height:0;padding-bottom:calc(100% \/ var(--video-aspect-ratio))}.elementor-widget-video .elementor-custom-embed-image-overlay img{position:absolute;top:0;right:0;bottom:0;left:0}}.elementor-widget-video .e-hosted-video .elementor-video{-o-object-fit:cover;object-fit:cover}.e-con-inner>.elementor-widget-video,.e-con>.elementor-widget-video{width:var(--container-widget-width);--flex-grow:var(--container-widget-flex-grow)}<\/style>\t\t<div class=\"e-hosted-video elementor-wrapper elementor-open-inline\">\n\t\t\t\t\t<video class=\"elementor-video\" src=\"https:\/\/selkon.co\/wp-content\/uploads\/2022\/03\/Selkon-Nemlendirme.mp4\" autoplay=\"\" controlslist=\"nodownload\"><\/video>\n\t\t\t\t<\/div>\n\t\t\t\t<\/div>\n\t\t\t\t<\/div>\n\t\t\t\t\t<\/div>\n\t\t<\/div>\n\t\t\t\t<div class=\"elementor-column elementor-col-50 elementor-top-column elementor-element elementor-element-bca4891\" data-id=\"bca4891\" data-element_type=\"column\">\n\t\t\t<div class=\"elementor-widget-wrap elementor-element-populated\">\n\t\t\t\t\t\t\t\t<div class=\"elementor-element elementor-element-7c7809c elementor-widget elementor-widget-text-editor\" data-id=\"7c7809c\" data-element_type=\"widget\" data-widget_type=\"text-editor.default\">\n\t\t\t\t<div class=\"elementor-widget-container translation-block\">\u0421\u0432\u0435\u0436\u0438\u0435 \u043f\u0440\u043e\u0434\u0443\u043a\u0442\u044b \u0432 \u043c\u0430\u0433\u0430\u0437\u0438\u043d\u0435, \u043a\u0430\u043a \u043f\u0440\u0430\u0432\u0438\u043b\u043e, \u0431\u044b\u0441\u0442\u0440\u043e \u043f\u043e\u0440\u0442\u044f\u0442\u0441\u044f. \u041d\u0438\u0437\u043a\u0430\u044f \u0432\u043b\u0430\u0436\u043d\u043e\u0441\u0442\u044c \u0432 \u043e\u0442\u0434\u0435\u043b\u0430\u0445 \u043f\u0440\u043e\u0434\u0443\u043a\u0442\u043e\u0432 \u043f\u0440\u0438\u0432\u043e\u0434\u0438\u0442 \u043a \u0442\u043e\u043c\u0443, \u0447\u0442\u043e \u043f\u0440\u043e\u0434\u0443\u043a\u0442\u044b \u0442\u0435\u0440\u044f\u044e\u0442 \u0441\u043b\u0438\u0448\u043a\u043e\u043c \u043c\u043d\u043e\u0433\u043e \u0432\u043b\u0430\u0433\u0438.\n\u0418\u0441\u043f\u043e\u043b\u044c\u0437\u0443\u044f \u043d\u0430\u0448\u0443 \u0442\u0435\u0445\u043d\u043e\u043b\u043e\u0433\u0438\u044e \u0441\u0443\u0445\u043e\u0433\u043e \u0437\u0430\u043f\u043e\u0442\u0435\u0432\u0430\u043d\u0438\u044f, \u0432\u0430\u0448\u0438 \u043f\u0440\u043e\u0434\u0443\u043a\u0442\u044b \u0441\u043e\u0445\u0440\u0430\u043d\u044f\u0442 \u0441\u0432\u043e\u044e \u0441\u0432\u0435\u0436\u0435\u0441\u0442\u044c, \u0446\u0432\u0435\u0442 \u0438 \u043f\u0438\u0442\u0430\u0442\u0435\u043b\u044c\u043d\u044b\u0435 \u0432\u0435\u0449\u0435\u0441\u0442\u0432\u0430 \u0437\u043d\u0430\u0447\u0438\u0442\u0435\u043b\u044c\u043d\u043e \u0434\u043e\u043b\u044c\u0448\u0435.<\/div>\n\t\t\t\t<\/div>\n\t\t\t\t\t<\/div>\n\t\t<\/div>\n\t\t\t\t\t\t\t<\/div>\n\t\t<\/section>\n\t\t\t\t<section class=\"elementor-section elementor-top-section elementor-element elementor-element-0b5704b elementor-section-boxed elementor-section-height-default elementor-section-height-default\" data-id=\"0b5704b\" data-element_type=\"section\">\n\t\t\t\t\t\t<div class=\"elementor-container elementor-column-gap-default\">\n\t\t\t\t\t<div class=\"elementor-column elementor-col-50 elementor-top-column elementor-element elementor-element-a84fc35\" data-id=\"a84fc35\" data-element_type=\"column\">\n\t\t\t<div class=\"elementor-widget-wrap elementor-element-populated\">\n\t\t\t\t\t\t\t\t<div class=\"elementor-element elementor-element-ac52781 align-left icon-position-top icon-has-bg hover-effect-none elementor-widget elementor-widget-mae-icon-box\" data-id=\"ac52781\" data-element_type=\"widget\" data-widget_type=\"mae-icon-box.default\">\n\t\t\t\t<div class=\"elementor-widget-container\">\n\t\t\t\n        <div class=\"master-icon-box\" >\n            \n            <div class=\"icon-wrap\"><div class=\"master-icon\"><i class=\"fas fa-water\"><\/i><\/div><\/div>\n            <div class=\"text-wrap\">\n                <h3 class=\"headline-2\">\u0412\u043e\u0434\u0430<\/h3><div class=\"sep\"><\/div><div class=\"desc\">\u0420\u0435\u0448\u0435\u043d\u0438\u0435 \u0440\u0430\u0431\u043e\u0442\u0430\u0435\u0442 \u0441 \u043e\u0431\u044b\u0447\u043d\u043e\u0439 \u0432\u043e\u0434\u043e\u043f\u0440\u043e\u0432\u043e\u0434\u043d\u043e\u0439 \u0432\u043e\u0434\u043e\u0439, \u043c\u044b \u043f\u043e\u0434\u043a\u043b\u044e\u0447\u0430\u0435\u043c \u0440\u0430\u0437\u043b\u0438\u0447\u043d\u044b\u0435 \u0441\u043e\u0435\u0434\u0438\u043d\u0435\u043d\u0438\u044f, \u0447\u0442\u043e\u0431\u044b \u0433\u0430\u0440\u0430\u043d\u0442\u0438\u0440\u043e\u0432\u0430\u0442\u044c, \u0447\u0442\u043e \u0441\u0438\u0441\u0442\u0435\u043c\u0430 \u043f\u043e\u043b\u0443\u0447\u0430\u0435\u0442 \u0447\u0438\u0441\u0442\u0443\u044e \u0432\u043e\u0434\u0443 \u0438 \u0447\u0442\u043e \u0432\u0430\u0448\u0438 \u043f\u0440\u043e\u0434\u0443\u043a\u0442\u044b \u043e\u0441\u0442\u0430\u044e\u0442\u0441\u044f \u0437\u0434\u043e\u0440\u043e\u0432\u044b\u043c\u0438 \u0438 \u043f\u0438\u0442\u0430\u0442\u0435\u043b\u044c\u043d\u044b\u043c\u0438<\/div>            <\/div>\n        <\/div>\n\n        \t\t<\/div>\n\t\t\t\t<\/div>\n\t\t\t\t\t<\/div>\n\t\t<\/div>\n\t\t\t\t<div class=\"elementor-column elementor-col-50 elementor-top-column elementor-element elementor-element-674470c\" data-id=\"674470c\" data-element_type=\"column\">\n\t\t\t<div class=\"elementor-widget-wrap elementor-element-populated\">\n\t\t\t\t\t\t\t\t<div class=\"elementor-element elementor-element-a58d658 align-left icon-position-top icon-has-bg hover-effect-none elementor-widget elementor-widget-mae-icon-box\" data-id=\"a58d658\" data-element_type=\"widget\" data-widget_type=\"mae-icon-box.default\">\n\t\t\t\t<div class=\"elementor-widget-container\">\n\t\t\t\n        <div class=\"master-icon-box\" >\n            \n            <div class=\"icon-wrap\"><div class=\"master-icon\"><i class=\"fe fe-filter\"><\/i><\/div><\/div>\n            <div class=\"text-wrap\">\n                <h3 class=\"headline-2\">\u0424\u0438\u043b\u044c\u0442\u0440<\/h3><div class=\"sep\"><\/div><div class=\"desc\">\u041a\u0430\u0447\u0435\u0441\u0442\u0432\u043e \u0432\u043e\u0434\u044b \u043e\u0447\u0435\u043d\u044c \u0432\u0430\u0436\u043d\u043e. \u0418\u043c\u0435\u043d\u043d\u043e \u043f\u043e\u044d\u0442\u043e\u043c\u0443 \u0431\u044b\u043b \u0440\u0430\u0437\u0440\u0430\u0431\u043e\u0442\u0430\u043d \u0441\u043f\u0435\u0446\u0438\u0430\u043b\u044c\u043d\u044b\u0439 \u0444\u0438\u043b\u044c\u0442\u0440 \u0434\u043b\u044f \u0441\u043e\u0445\u0440\u0430\u043d\u0435\u043d\u0438\u044f \u0441\u0432\u0435\u0436\u0435\u0441\u0442\u0438 \u0432\u0430\u0448\u0438\u0445 \u043f\u0440\u043e\u0434\u0443\u043a\u0442\u043e\u0432 \u043f\u043e \u0432\u0441\u0435\u043c\u0443 \u043c\u0438\u0440\u0443. \u0411\u0430\u043a\u0442\u0435\u0440\u0438\u0438, \u0432\u0438\u0440\u0443\u0441\u044b, \u043c\u0438\u043d\u0435\u0440\u0430\u043b\u044b \u0438 \u0441\u043e\u043b\u0438 \u043e\u0442\u0444\u0438\u043b\u044c\u0442\u0440\u043e\u0432\u044b\u0432\u0430\u044e\u0442\u0441\u044f \u0438\u0437 \u0432\u043e\u0434\u044b \u0434\u043b\u044f \u043e\u043f\u0442\u0438\u043c\u0430\u043b\u044c\u043d\u043e\u0439 \u0433\u0438\u0433\u0438\u0435\u043d\u044b \u0438 \u0434\u043e\u043b\u0433\u043e\u0432\u0435\u0447\u043d\u043e\u0441\u0442\u0438 \u043e\u0431\u043e\u0440\u0443\u0434\u043e\u0432\u0430\u043d\u0438\u044f.<\/div>            <\/div>\n        <\/div>\n\n        \t\t<\/div>\n\t\t\t\t<\/div>\n\t\t\t\t\t<\/div>\n\t\t<\/div>\n\t\t\t\t\t\t\t<\/div>\n\t\t<\/section>\n\t\t\t\t<section class=\"elementor-section elementor-top-section elementor-element elementor-element-c93ffbd elementor-section-boxed elementor-section-height-default elementor-section-height-default\" data-id=\"c93ffbd\" data-element_type=\"section\">\n\t\t\t\t\t\t<div class=\"elementor-container elementor-column-gap-default\">\n\t\t\t\t\t<div class=\"elementor-column elementor-col-50 elementor-top-column elementor-element elementor-element-b88d57f\" data-id=\"b88d57f\" data-element_type=\"column\">\n\t\t\t<div class=\"elementor-widget-wrap elementor-element-populated\">\n\t\t\t\t\t\t\t\t<div class=\"elementor-element elementor-element-455a166 align-left icon-position-top icon-has-bg hover-effect-none elementor-widget elementor-widget-mae-icon-box\" data-id=\"455a166\" data-element_type=\"widget\" data-widget_type=\"mae-icon-box.default\">\n\t\t\t\t<div class=\"elementor-widget-container\">\n\t\t\t\n        <div class=\"master-icon-box\" >\n            \n            <div class=\"icon-wrap\"><div class=\"master-icon\"><i class=\"fe fe-droplet\"><\/i><\/div><\/div>\n            <div class=\"text-wrap\">\n                <h3 class=\"headline-2\">\u0423\u0432\u043b\u0430\u0436\u043d\u0435\u043d\u0438\u0435<\/h3><div class=\"sep\"><\/div><div class=\"desc\">\u0412\u0434\u043e\u0445\u043d\u043e\u0432\u043b\u0435\u043d\u043d\u044b\u0435 \u0443\u0442\u0440\u0435\u043d\u043d\u0438\u043c \u0442\u0443\u043c\u0430\u043d\u043e\u043c, \u043d\u0430\u0432\u0438\u0441\u0448\u0438\u043c \u043d\u0430\u0434 \u043f\u043e\u043b\u0435\u043c \u043f\u0448\u0435\u043d\u0438\u0447\u043d\u044b\u0445 \u043f\u043e\u0441\u0435\u0432\u043e\u0432, \u043c\u044b \u043f\u043e\u043f\u044b\u0442\u0430\u043b\u0438\u0441\u044c \u043f\u043e\u0432\u0442\u043e\u0440\u0438\u0442\u044c \u044d\u0442\u043e \u043f\u0440\u0438\u0440\u043e\u0434\u043d\u043e\u0435 \u044f\u0432\u043b\u0435\u043d\u0438\u0435. \u041d\u0430\u0448\u0438 \u0441\u0438\u0441\u0442\u0435\u043c\u044b \u044f\u0432\u043b\u044f\u044e\u0442\u0441\u044f \u0447\u0438\u0441\u0442\u0435\u0439\u0448\u0438\u043c\u0438 \u0444\u0438\u043b\u044c\u0442\u0440\u043e\u0432\u0430\u043d\u043d\u044b\u043c\u0438 \u0438 \u043e\u0441\u043d\u0430\u0449\u0435\u043d\u044b \u0443\u043b\u044c\u0442\u0440\u0430\u0437\u0432\u0443\u043a\u043e\u0432\u043e\u0439 \u0442\u0435\u0445\u043d\u043e\u043b\u043e\u0433\u0438\u0435\u0439 \u0434\u043b\u044f \u043f\u043e\u043b\u0443\u0447\u0435\u043d\u0438\u044f \u043c\u0430\u043a\u0441\u0438\u043c\u0430\u043b\u044c\u043d\u043e\u0439 \u043e\u0442\u0434\u0430\u0447\u0438 \u043e\u0442 \u0432\u043e\u0434\u044b. \u0423\u0432\u043b\u0430\u0436\u043d\u0438\u0442\u0435\u043b\u0438 \u0432\u043e\u0437\u0434\u0443\u0445\u0430, \u043e\u0442 \u0441\u0431\u043e\u0440\u0430 \u0443\u0440\u043e\u0436\u0430\u044f \u0434\u043e \u0445\u0440\u0430\u043d\u0435\u043d\u0438\u044f \u0438 \u043e\u0442 \u0442\u0440\u0430\u043d\u0441\u043f\u043e\u0440\u0442\u0438\u0440\u043e\u0432\u043a\u0438 \u0434\u043e \u043f\u043e\u043b\u043a\u0438 \u0441\u0443\u043f\u0435\u0440\u043c\u0430\u0440\u043a\u0435\u0442\u0430, \u043c\u043e\u0433\u0443\u0442 \u043f\u0440\u0438\u043c\u0435\u043d\u044f\u0442\u044c\u0441\u044f \u043d\u0430 \u0432\u0441\u0435\u0445 \u044d\u0442\u0430\u043f\u0430\u0445 \u043f\u043e\u0441\u0442\u0430\u0432\u043e\u043a. \u041f\u0440\u0438\u0433\u043e\u0442\u043e\u0432\u043b\u0435\u043d\u0438\u0435 \u043d\u0430 \u0441\u0443\u0445\u043e\u043c \u043f\u0430\u0440\u0443 \u043e\u0431\u0435\u0441\u043f\u0435\u0447\u0438\u0432\u0430\u0435\u0442 \u0437\u043d\u0430\u0447\u0438\u0442\u0435\u043b\u044c\u043d\u043e\u0435 \u0441\u043e\u043a\u0440\u0430\u0449\u0435\u043d\u0438\u0435 \u043f\u0438\u0449\u0435\u0432\u044b\u0445 \u043e\u0442\u0445\u043e\u0434\u043e\u0432.<\/div>            <\/div>\n        <\/div>\n\n        \t\t<\/div>\n\t\t\t\t<\/div>\n\t\t\t\t\t<\/div>\n\t\t<\/div>\n\t\t\t\t<div class=\"elementor-column elementor-col-50 elementor-top-column elementor-element elementor-element-a23f32b\" data-id=\"a23f32b\" data-element_type=\"column\">\n\t\t\t<div class=\"elementor-widget-wrap elementor-element-populated\">\n\t\t\t\t\t\t\t\t<div class=\"elementor-element elementor-element-5b7bed7 align-left icon-position-top icon-has-bg hover-effect-none elementor-widget elementor-widget-mae-icon-box\" data-id=\"5b7bed7\" data-element_type=\"widget\" data-widget_type=\"mae-icon-box.default\">\n\t\t\t\t<div class=\"elementor-widget-container\">\n\t\t\t\n        <div class=\"master-icon-box\" >\n            \n            <div class=\"icon-wrap\"><div class=\"master-icon\"><i class=\"fe fe-filter\"><\/i><\/div><\/div>\n            <div class=\"text-wrap\">\n                <h3 class=\"headline-2\">\u0421\u0443\u0445\u043e\u0439 \u0422\u0443\u043c\u0430\u043d<\/h3><div class=\"sep\"><\/div><div class=\"desc\">\u0412\u0430\u0448 \u043f\u0440\u043e\u0434\u0443\u043a\u0442 \u043e\u043a\u0440\u0443\u0436\u0435\u043d \u0442\u043e\u043d\u043a\u0438\u043c \u0441\u043b\u043e\u0435\u043c \u0442\u0443\u043c\u0430\u043d\u0430, \u0442\u0430\u043a \u043a\u0430\u043a \u0442\u0443\u043c\u0430\u043d \u0432\u044b\u0445\u043e\u0434\u0438\u0442 \u0438\u0437 \u0443\u0432\u043b\u0430\u0436\u043d\u0438\u0442\u0435\u043b\u044f \u0447\u0435\u0440\u0435\u0437 \u043d\u0430\u0448\u0438 \u0441\u043f\u0435\u0446\u0438\u0430\u043b\u044c\u043d\u044b\u0435 \u0434\u0438\u0444\u0444\u0443\u0437\u043e\u0440\u044b. \u041f\u043e \u043c\u0435\u0440\u0435 \u0442\u043e\u0433\u043e \u043a\u0430\u043a \u044d\u0442\u043e\u0442 \u0442\u0443\u043c\u0430\u043d \u0438\u0441\u043f\u0430\u0440\u044f\u0435\u0442\u0441\u044f, \u0432\u043b\u0430\u0436\u043d\u043e\u0441\u0442\u044c \u043f\u043e\u0432\u044b\u0448\u0430\u0435\u0442\u0441\u044f \u0438 \u0442\u0435\u043c\u043f\u0435\u0440\u0430\u0442\u0443\u0440\u0430 \u043f\u0430\u0434\u0430\u0435\u0442 \u0435\u0441\u0442\u0435\u0441\u0442\u0432\u0435\u043d\u043d\u044b\u043c \u043e\u0431\u0440\u0430\u0437\u043e\u043c. \u041f\u0440\u043e\u0434\u0443\u043a\u0442 \u0431\u043e\u043b\u044c\u0448\u0435 \u043d\u0435 \u0442\u0435\u0440\u044f\u0435\u0442 \u0432\u043b\u0430\u0433\u0443 \u0438 \u0434\u043e\u043b\u044c\u0448\u0435 \u043e\u0441\u0442\u0430\u0435\u0442\u0441\u044f \u0441\u0432\u0435\u0436\u0438\u043c, \u043d\u0435 \u043f\u0440\u043e\u043c\u043e\u043a\u0430\u044f! \u0412\u043e\u0442 \u0447\u0442\u043e \u0434\u0435\u043b\u0430\u0435\u0442 \u0441\u0443\u0445\u043e\u0439 \u0442\u0443\u043c\u0430\u043d \u0442\u0430\u043a\u0438\u043c \u043e\u0441\u043e\u0431\u0435\u043d\u043d\u044b\u043c, \u043f\u0440\u043e\u0434\u0443\u043a\u0442 - \u043e\u0445\u0440\u0430\u043d\u044f\u0435\u0442 \u0441\u0432\u043e\u0438 \u0432\u0430\u0436\u043d\u044b\u0435 \u043f\u0438\u0442\u0430\u0442\u0435\u043b\u044c\u043d\u044b\u0435 \u0432\u0435\u0449\u0435\u0441\u0442\u0432\u0430 \u0438 \u0438\u043c\u0435\u0435\u0442 \u0437\u043d\u0430\u0447\u0438\u0442\u0435\u043b\u044c\u043d\u043e \u0443\u0432\u0435\u043b\u0438\u0447\u0435\u043d\u043d\u044b\u0439 \u0441\u0440\u043e\u043a \u0433\u043e\u0434\u043d\u043e\u0441\u0442\u0438.<\/div>            <\/div>\n        <\/div>\n\n        \t\t<\/div>\n\t\t\t\t<\/div>\n\t\t\t\t\t<\/div>\n\t\t<\/div>\n\t\t\t\t\t\t\t<\/div>\n\t\t<\/section>\n\t\t\t\t<section class=\"elementor-section elementor-top-section elementor-element elementor-element-1fd6ba4 elementor-section-boxed elementor-section-height-default elementor-section-height-default\" data-id=\"1fd6ba4\" data-element_type=\"section\">\n\t\t\t\t\t\t<div class=\"elementor-container elementor-column-gap-default\">\n\t\t\t\t\t<div class=\"elementor-column elementor-col-100 elementor-top-column elementor-element elementor-element-a90edad\" data-id=\"a90edad\" data-element_type=\"column\">\n\t\t\t<div class=\"elementor-widget-wrap elementor-element-populated\">\n\t\t\t\t\t\t\t\t<div class=\"elementor-element elementor-element-5b4ecbd elementor-widget elementor-widget-image-gallery\" data-id=\"5b4ecbd\" data-element_type=\"widget\" data-widget_type=\"image-gallery.default\">\n\t\t\t\t<div class=\"elementor-widget-container\">\n\t\t\t<style>\/*! elementor - v3.15.0 - 20-08-2023 *\/\n.elementor-image-gallery .gallery-item{display:inline-block;text-align:center;vertical-align:top;width:100%;max-width:100%;margin:0 auto}.elementor-image-gallery .gallery-item img{margin:0 auto}.elementor-image-gallery .gallery-item .gallery-caption{margin:0}.elementor-image-gallery figure img{display:block}.elementor-image-gallery figure figcaption{width:100%}.gallery-spacing-custom .elementor-image-gallery .gallery-icon{padding:0}@media (min-width:768px){.elementor-image-gallery .gallery-columns-2 .gallery-item{max-width:50%}.elementor-image-gallery .gallery-columns-3 .gallery-item{max-width:33.33%}.elementor-image-gallery .gallery-columns-4 .gallery-item{max-width:25%}.elementor-image-gallery .gallery-columns-5 .gallery-item{max-width:20%}.elementor-image-gallery .gallery-columns-6 .gallery-item{max-width:16.666%}.elementor-image-gallery .gallery-columns-7 .gallery-item{max-width:14.28%}.elementor-image-gallery .gallery-columns-8 .gallery-item{max-width:12.5%}.elementor-image-gallery .gallery-columns-9 .gallery-item{max-width:11.11%}.elementor-image-gallery .gallery-columns-10 .gallery-item{max-width:10%}}@media (min-width:480px) and (max-width:767px){.elementor-image-gallery .gallery.gallery-columns-2 .gallery-item,.elementor-image-gallery .gallery.gallery-columns-3 .gallery-item,.elementor-image-gallery .gallery.gallery-columns-4 .gallery-item,.elementor-image-gallery .gallery.gallery-columns-5 .gallery-item,.elementor-image-gallery .gallery.gallery-columns-6 .gallery-item,.elementor-image-gallery .gallery.gallery-columns-7 .gallery-item,.elementor-image-gallery .gallery.gallery-columns-8 .gallery-item,.elementor-image-gallery .gallery.gallery-columns-9 .gallery-item,.elementor-image-gallery .gallery.gallery-columns-10 .gallery-item{max-width:50%}}@media (max-width:479px){.elementor-image-gallery .gallery.gallery-columns-2 .gallery-item,.elementor-image-gallery .gallery.gallery-columns-3 .gallery-item,.elementor-image-gallery .gallery.gallery-columns-4 .gallery-item,.elementor-image-gallery .gallery.gallery-columns-5 .gallery-item,.elementor-image-gallery .gallery.gallery-columns-6 .gallery-item,.elementor-image-gallery .gallery.gallery-columns-7 .gallery-item,.elementor-image-gallery .gallery.gallery-columns-8 .gallery-item,.elementor-image-gallery .gallery.gallery-columns-9 .gallery-item,.elementor-image-gallery .gallery.gallery-columns-10 .gallery-item{max-width:100%}}<\/style>\t\t<div class=\"elementor-image-gallery\">\n\t\t\t<div id='gallery-1' class='gallery galleryid-2763 gallery-columns-2 gallery-size-large'><figure class='gallery-item'>\n\t\t\t<div class='gallery-icon landscape'>\n\t\t\t\t<a data-elementor-open-lightbox=\"yes\" data-elementor-lightbox-slideshow=\"5b4ecbd\" data-elementor-lightbox-title=\"Bravo Market Nemlendirme\" data-e-action-hash=\"#elementor-action%3Aaction%3Dlightbox%26settings%3DeyJpZCI6MjcyNywidXJsIjoiaHR0cHM6XC9cL3NlbGtvbi5jb1wvd3AtY29udGVudFwvdXBsb2Fkc1wvMjAyMlwvMDJcL0JyYXZvMy1taW4uanBnIiwic2xpZGVzaG93IjoiNWI0ZWNiZCJ9\" href='https:\/\/selkon.co\/wp-content\/uploads\/2022\/02\/Bravo3-min.jpg'><img loading=\"lazy\" decoding=\"async\" width=\"1024\" height=\"576\" src=\"https:\/\/selkon.co\/wp-content\/uploads\/2022\/02\/Bravo3-min-1024x576.jpg\" class=\"attachment-large size-large\" alt=\"\" aria-describedby=\"gallery-1-2727\" srcset=\"https:\/\/selkon.co\/wp-content\/uploads\/2022\/02\/Bravo3-min-1024x576.jpg 1024w, https:\/\/selkon.co\/wp-content\/uploads\/2022\/02\/Bravo3-min-300x169.jpg 300w, https:\/\/selkon.co\/wp-content\/uploads\/2022\/02\/Bravo3-min-768x432.jpg 768w, https:\/\/selkon.co\/wp-content\/uploads\/2022\/02\/Bravo3-min-1536x864.jpg 1536w, https:\/\/selkon.co\/wp-content\/uploads\/2022\/02\/Bravo3-min-535x301.jpg 535w, https:\/\/selkon.co\/wp-content\/uploads\/2022\/02\/Bravo3-min.jpg 1600w\" sizes=\"auto, (max-width: 1024px) 100vw, 1024px\" \/><\/a>\n\t\t\t<\/div>\n\t\t\t\t<figcaption class='wp-caption-text gallery-caption' id='gallery-1-2727'>\n\t\t\t\tBravo Market Nemlendirme\n\t\t\t\t<\/figcaption><\/figure><figure class='gallery-item'>\n\t\t\t<div class='gallery-icon landscape'>\n\t\t\t\t<a data-elementor-open-lightbox=\"yes\" data-elementor-lightbox-slideshow=\"5b4ecbd\" data-elementor-lightbox-title=\"Bravo Market Nemlendirme\" data-e-action-hash=\"#elementor-action%3Aaction%3Dlightbox%26settings%3DeyJpZCI6MjcyNiwidXJsIjoiaHR0cHM6XC9cL3NlbGtvbi5jb1wvd3AtY29udGVudFwvdXBsb2Fkc1wvMjAyMlwvMDJcL0JyYXZvLW1pbi0xLmpwZyIsInNsaWRlc2hvdyI6IjViNGVjYmQifQ%3D%3D\" href='https:\/\/selkon.co\/wp-content\/uploads\/2022\/02\/Bravo-min-1.jpg'><img loading=\"lazy\" decoding=\"async\" width=\"1024\" height=\"576\" src=\"https:\/\/selkon.co\/wp-content\/uploads\/2022\/02\/Bravo-min-1-1024x576.jpg\" class=\"attachment-large size-large\" alt=\"\" aria-describedby=\"gallery-1-2726\" srcset=\"https:\/\/selkon.co\/wp-content\/uploads\/2022\/02\/Bravo-min-1-1024x576.jpg 1024w, https:\/\/selkon.co\/wp-content\/uploads\/2022\/02\/Bravo-min-1-300x169.jpg 300w, https:\/\/selkon.co\/wp-content\/uploads\/2022\/02\/Bravo-min-1-768x432.jpg 768w, https:\/\/selkon.co\/wp-content\/uploads\/2022\/02\/Bravo-min-1-1536x864.jpg 1536w, https:\/\/selkon.co\/wp-content\/uploads\/2022\/02\/Bravo-min-1-535x301.jpg 535w, https:\/\/selkon.co\/wp-content\/uploads\/2022\/02\/Bravo-min-1.jpg 1600w\" sizes=\"auto, (max-width: 1024px) 100vw, 1024px\" \/><\/a>\n\t\t\t<\/div>\n\t\t\t\t<figcaption class='wp-caption-text gallery-caption' id='gallery-1-2726'>\n\t\t\t\tBravo Market Nemlendirme\n\t\t\t\t<\/figcaption><\/figure>\n\t\t<\/div>\n\t\t<\/div>\n\t\t\t\t<\/div>\n\t\t\t\t<\/div>\n\t\t\t\t\t<\/div>\n\t\t<\/div>\n\t\t\t\t\t\t\t<\/div>\n\t\t<\/section>\n\t\t\t\t\t\t\t<\/div>","protected":false},"excerpt":{"rendered":"<p>https:\/\/selkon.co\/wp-content\/uploads\/2022\/03\/Selkon-Nemlendirme.mp4Bir ma\u011fazadaki taze \u00fcr\u00fcnler h\u0131zla bozulma e\u011filimindedir. \u00dcr\u00fcn reyonlar\u0131ndaki d\u00fc\u015f\u00fck nem, \u00fcr\u00fcnlerin \u00e7ok fazla nem kaybetmesine neden olur. Dry Misting teknolojimizi kullanarak \u00fcr\u00fcnleriniz tazeli\u011fini, rengini ve besin maddelerini \u00f6nemli \u00f6l\u00e7\u00fcde daha uzun s\u00fcre koruyacakt\u0131r. Su \u00c7\u00f6z\u00fcm, normal musluk suyuyla \u00e7al\u0131\u015f\u0131r, sistemin temiz su kayna\u011f\u0131n\u0131 almas\u0131n\u0131 ve \u00fcr\u00fcnlerinizin<\/p>","protected":false},"author":1,"featured_media":0,"parent":0,"menu_order":0,"comment_status":"closed","ping_status":"closed","template":"","meta":{"footnotes":""},"class_list":["post-2763","page","type-page","status-publish","hentry"],"_links":{"self":[{"href":"https:\/\/selkon.co\/ru\/wp-json\/wp\/v2\/pages\/2763","targetHints":{"allow":["GET"]}}],"collection":[{"href":"https:\/\/selkon.co\/ru\/wp-json\/wp\/v2\/pages"}],"about":[{"href":"https:\/\/selkon.co\/ru\/wp-json\/wp\/v2\/types\/page"}],"author":[{"embeddable":true,"href":"https:\/\/selkon.co\/ru\/wp-json\/wp\/v2\/users\/1"}],"replies":[{"embeddable":true,"href":"https:\/\/selkon.co\/ru\/wp-json\/wp\/v2\/comments?post=2763"}],"version-history":[{"count":3,"href":"https:\/\/selkon.co\/ru\/wp-json\/wp\/v2\/pages\/2763\/revisions"}],"predecessor-version":[{"id":2768,"href":"https:\/\/selkon.co\/ru\/wp-json\/wp\/v2\/pages\/2763\/revisions\/2768"}],"wp:attachment":[{"href":"https:\/\/selkon.co\/ru\/wp-json\/wp\/v2\/media?parent=2763"}],"curies":[{"name":"wp","href":"https:\/\/api.w.org\/{rel}","templated":true}]}}